{"id":2136,"date":"2021-11-08T10:22:02","date_gmt":"2021-11-08T10:22:02","guid":{"rendered":"https:\/\/abastosabogados.com\/?page_id=2136"},"modified":"2021-11-10T09:02:10","modified_gmt":"2021-11-10T09:02:10","slug":"aviso-legal","status":"publish","type":"page","link":"https:\/\/abastosabogados.com\/en\/aviso-legal","title":{"rendered":"Aviso Legal"},"content":{"rendered":"<div class=\"fusion-fullwidth fullwidth-box fusion-builder-row-1 fusion-flex-container nonhundred-percent-fullwidth non-hundred-percent-height-scrolling\" style=\"background-color: rgba(255,255,255,0);background-position: center center;background-repeat: no-repeat;border-width: 0px 0px 0px 0px;border-color:#e2e2e2;border-style:solid;\" ><div class=\"fusion-builder-row fusion-row fusion-flex-align-items-flex-start\" style=\"max-width:1424.8px;margin-left: calc(-4% \/ 2 );margin-right: calc(-4% \/ 2 );\"><div class=\"fusion-layout-column fusion_builder_column fusion-builder-column-0 fusion_builder_column_1_1 1_1 fusion-flex-column\"><div class=\"fusion-column-wrapper fusion-flex-justify-content-flex-start fusion-content-layout-column\" style=\"background-position:left top;background-repeat:no-repeat;-webkit-background-size:cover;-moz-background-size:cover;-o-background-size:cover;background-size:cover;padding: 0px 0px 0px 0px;\"><div class=\"fusion-text fusion-text-1\"><h1 class=\"h1Legal\" style=\"margin-top: 0px;\">AVISO LEGAL<\/h1>\n<h2 class=\"h2Legal\">Presentaci\u00f3n:<\/h2>\n<p>La web www.abastosabogados.com pertenece a la sociedad profesional ABASTOS ABOGADOS S.L.P. y tiene como finalidad facilitar el conocimiento de la sociedad de abogados, las actividades que realiza y los servicios que presta al p\u00fablico en general.<\/p>\n<p>ABASTOS ABOGADOS se reserva la facultad de efectuar, en cualquier momento y sin previo aviso, modificaciones en la informaci\u00f3n albergada en su web. Asimismo, la compa\u00f1\u00eda no se responsabiliza de las consecuencias, da\u00f1os o perjuicios que se deriven del acceso a su web, del uso que se haga de la informaci\u00f3n que contiene o del acceso a otras materias en Internet que se haga a trav\u00e9s de sus enlaces.<\/p>\n<h2 class=\"h2Legal\">Propiedad intelectual de la web:<\/h2>\n<p>ABASTOS ABOGADOS, S.L.P., con CIF B-97765655, y domicilio social en 46008 Valencia (Espa\u00f1a), calle Palleter n\u00ba 9 entlo; Inscrita en el Registro Mercantil de Valencia Tomo 8473, Libro 5763, de la Secci\u00f3n 8\u00aa, Folio 19, Hoja n\u00ba V-114635, Inscripci\u00f3n 1\u00aa.<\/p>\n<p>Los derechos de propiedad intelectual sobre la web, dise\u00f1o gr\u00e1fico y c\u00f3digos, son titularidad de ABASTOS ABOGADOS a quien corresponde el ejercicio exclusivo de sus derechos de explotaci\u00f3n en cualquier forma. Especialmente, los derechos de reproducci\u00f3n, distribuci\u00f3n, comunicaci\u00f3n p\u00fablica, limitaci\u00f3n de acceso, modificaci\u00f3n y transformaci\u00f3n.<\/p>\n<h2 class=\"h2Legal\">Responsabilidad sobre seguridad:<\/h2>\n<p>ABASTOS ABOGADOS no se hace responsable de los posibles errores de seguridad que se pudieran producir por el hecho de utilizar versiones de navegadores no actualizadas, o de las consecuencias que se pudieran derivar del mal funcionamiento del navegador, ya sea por configuraci\u00f3n inadecuada, presencia de virus inform\u00e1ticos o cualquier otra causa.<\/p>\n<h2 class=\"h2Legal\">Confidencialidad de los datos:<\/h2>\n<p>De conformidad con lo establecido por la Ley Org\u00e1nica 15\/1999, de 13 de diciembre, de Protecci\u00f3n de Datos de car\u00e1cter personal, se informa al usuario que los datos consignados en el formulario de contacto ser\u00e1n incluidos en un fichero, cuya titularidad corresponde a ABASTOS ABOGADOS S.L.P., para que sean tratados con la finalidad de responder a la cuesti\u00f3n comercial.<\/p>\n<p>El usuario podr\u00e1 ejercitar los derechos de acceso, rectificaci\u00f3n, cancelaci\u00f3n y oposici\u00f3n sobre sus datos, mediante escrito, acompa\u00f1ado de copia del documento oficial que acredite su identidad, dirigido a ABASTOS ABOGADOS, S.L.P., a trav\u00e9s de correo electr\u00f3nico en la direcci\u00f3n info@abastosabogados.com, indicando en la l\u00ednea de Asunto el derecho que desea ejercitar; o mediante correo ordinario remitido al domicilio social en 46008 Valencia (Espa\u00f1a), calle Palleter n\u00ba 9 entlo.<\/p>\n<h2 class=\"h2Legal\">Uso de cookies:<\/h2>\n<p>Esta p\u00e1gina web utiliza tanto cookies propias como de terceros para mejorar su experiencia de navegaci\u00f3n y recabar informaci\u00f3n estad\u00edstica de sus h\u00e1bitos. Si contin\u00faa haciendo uso de nuestra p\u00e1gina entendemos su consentimiento al uso de las mismas. Puede evitar este uso no utilizando la p\u00e1gina o configurando su navegador para que no guarde cookies. La informaci\u00f3n sobre la configuraci\u00f3n de su navegador es diferente seg\u00fan el modelo y fabricante del mismo y deber\u00eda dirigirse a las p\u00e1ginas espec\u00edficas en que dicha informaci\u00f3n se encuentra.<\/p>\n<\/div><\/div><style type=\"text\/css\">.fusion-body .fusion-builder-column-0{width:100% !important;margin-top : 0px;margin-bottom : 0px;}.fusion-builder-column-0 > .fusion-column-wrapper {padding-top : 0px !important;padding-right : 0px !important;margin-right : 1.92%;padding-bottom : 0px !important;padding-left : 0px !important;margin-left : 1.92%;}@media only screen and (max-width:1140px) {.fusion-body .fusion-builder-column-0{width:100% !important;}.fusion-builder-column-0 > .fusion-column-wrapper {margin-right : 1.92%;margin-left : 1.92%;}}@media only screen and (max-width:1140px) {.fusion-body .fusion-builder-column-0{width:100% !important;}.fusion-builder-column-0 > .fusion-column-wrapper {margin-right : 1.92%;margin-left : 1.92%;}}<\/style><\/div><\/div><style type=\"text\/css\">.fusion-body .fusion-flex-container.fusion-builder-row-1{ padding-top : 0px;margin-top : 0px;padding-right : 0px;padding-bottom : 0px;margin-bottom : 0px;padding-left : 0px;}<\/style><\/div>\n","protected":false},"excerpt":{"rendered":"","protected":false},"author":1,"featured_media":0,"parent":0,"menu_order":0,"comment_status":"closed","ping_status":"closed","template":"","meta":{"footnotes":""},"class_list":["post-2136","page","type-page","status-publish","hentry"],"yoast_head":"<!-- This site is optimized with the Yoast SEO plugin v19.10 - https:\/\/yoast.com\/wordpress\/plugins\/seo\/ -->\n<title>Aviso Legal - Abastos Abogados, S.L.P.<\/title>\n<meta name=\"robots\" content=\"index, follow, max-snippet:-1, max-image-preview:large, max-video-preview:-1\" \/>\n<link rel=\"canonical\" href=\"https:\/\/abastosabogados.com\/en\/aviso-legal\" \/>\n<meta property=\"og:locale\" content=\"en_US\" \/>\n<meta property=\"og:type\" content=\"article\" \/>\n<meta property=\"og:title\" content=\"Aviso Legal - Abastos Abogados, S.L.P.\" \/>\n<meta property=\"og:url\" content=\"https:\/\/abastosabogados.com\/en\/aviso-legal\" \/>\n<meta property=\"og:site_name\" content=\"Abastos Abogados, S.L.P.\" \/>\n<meta property=\"article:modified_time\" content=\"2021-11-10T09:02:10+00:00\" \/>\n<meta name=\"twitter:card\" content=\"summary_large_image\" \/>\n<meta name=\"twitter:label1\" content=\"Est. reading time\" \/>\n\t<meta name=\"twitter:data1\" content=\"4 minutes\" \/>\n<script type=\"application\/ld+json\" class=\"yoast-schema-graph\">{\"@context\":\"https:\/\/schema.org\",\"@graph\":[{\"@type\":\"WebPage\",\"@id\":\"https:\/\/abastosabogados.com\/en\/aviso-legal\",\"url\":\"https:\/\/abastosabogados.com\/en\/aviso-legal\",\"name\":\"Aviso Legal - Abastos Abogados, S.L.P.\",\"isPartOf\":{\"@id\":\"https:\/\/abastosabogados.com\/#website\"},\"datePublished\":\"2021-11-08T10:22:02+00:00\",\"dateModified\":\"2021-11-10T09:02:10+00:00\",\"breadcrumb\":{\"@id\":\"https:\/\/abastosabogados.com\/en\/aviso-legal#breadcrumb\"},\"inLanguage\":\"en-US\",\"potentialAction\":[{\"@type\":\"ReadAction\",\"target\":[\"https:\/\/abastosabogados.com\/en\/aviso-legal\"]}]},{\"@type\":\"BreadcrumbList\",\"@id\":\"https:\/\/abastosabogados.com\/en\/aviso-legal#breadcrumb\",\"itemListElement\":[{\"@type\":\"ListItem\",\"position\":1,\"name\":\"Portada\",\"item\":\"https:\/\/abastosabogados.com\/\"},{\"@type\":\"ListItem\",\"position\":2,\"name\":\"Aviso Legal\"}]},{\"@type\":\"WebSite\",\"@id\":\"https:\/\/abastosabogados.com\/#website\",\"url\":\"https:\/\/abastosabogados.com\/\",\"name\":\"Abogados en Valencia - Abastos abogados\",\"description\":\"Sociedad profesional de abogados. Miner\u00eda, arbitraje, mediaci\u00f3n, consumo, tributos, seguros, concurso, despido, familia, empresa, herencia, estafa, exportaci\u00f3n,  asesor\u00eda, consultor\u00eda, en Valencia\",\"publisher\":{\"@id\":\"https:\/\/abastosabogados.com\/#organization\"},\"alternateName\":\"Abastos Abogados\",\"potentialAction\":[{\"@type\":\"SearchAction\",\"target\":{\"@type\":\"EntryPoint\",\"urlTemplate\":\"https:\/\/abastosabogados.com\/?s={search_term_string}\"},\"query-input\":\"required name=search_term_string\"}],\"inLanguage\":\"en-US\"},{\"@type\":\"Organization\",\"@id\":\"https:\/\/abastosabogados.com\/#organization\",\"name\":\"(Espa\u00f1ol) Abogados en Valencia - Abastos abogados\",\"alternateName\":\"Abastos Abogados\",\"url\":\"https:\/\/abastosabogados.com\/\",\"logo\":{\"@type\":\"ImageObject\",\"inLanguage\":\"en-US\",\"@id\":\"https:\/\/abastosabogados.com\/#\/schema\/logo\/image\/\",\"url\":\"https:\/\/abastosabogados.com\/wp-content\/uploads\/2021\/10\/logo-bl.png\",\"contentUrl\":\"https:\/\/abastosabogados.com\/wp-content\/uploads\/2021\/10\/logo-bl.png\",\"width\":572,\"height\":70,\"caption\":\"(Espa\u00f1ol) Abogados en Valencia - Abastos abogados\"},\"image\":{\"@id\":\"https:\/\/abastosabogados.com\/#\/schema\/logo\/image\/\"}}]}<\/script>\n<!-- \/ Yoast SEO plugin. -->","yoast_head_json":{"title":"Aviso Legal - Abastos Abogados, S.L.P.","robots":{"index":"index","follow":"follow","max-snippet":"max-snippet:-1","max-image-preview":"max-image-preview:large","max-video-preview":"max-video-preview:-1"},"canonical":"https:\/\/abastosabogados.com\/en\/aviso-legal","og_locale":"en_US","og_type":"article","og_title":"Aviso Legal - Abastos Abogados, S.L.P.","og_url":"https:\/\/abastosabogados.com\/en\/aviso-legal","og_site_name":"Abastos Abogados, S.L.P.","article_modified_time":"2021-11-10T09:02:10+00:00","twitter_card":"summary_large_image","twitter_misc":{"Est. reading time":"4 minutes"},"schema":{"@context":"https:\/\/schema.org","@graph":[{"@type":"WebPage","@id":"https:\/\/abastosabogados.com\/en\/aviso-legal","url":"https:\/\/abastosabogados.com\/en\/aviso-legal","name":"Aviso Legal - Abastos Abogados, S.L.P.","isPartOf":{"@id":"https:\/\/abastosabogados.com\/#website"},"datePublished":"2021-11-08T10:22:02+00:00","dateModified":"2021-11-10T09:02:10+00:00","breadcrumb":{"@id":"https:\/\/abastosabogados.com\/en\/aviso-legal#breadcrumb"},"inLanguage":"en-US","potentialAction":[{"@type":"ReadAction","target":["https:\/\/abastosabogados.com\/en\/aviso-legal"]}]},{"@type":"BreadcrumbList","@id":"https:\/\/abastosabogados.com\/en\/aviso-legal#breadcrumb","itemListElement":[{"@type":"ListItem","position":1,"name":"Portada","item":"https:\/\/abastosabogados.com\/"},{"@type":"ListItem","position":2,"name":"Aviso Legal"}]},{"@type":"WebSite","@id":"https:\/\/abastosabogados.com\/#website","url":"https:\/\/abastosabogados.com\/","name":"Abogados en Valencia - Abastos abogados","description":"Sociedad profesional de abogados. Miner\u00eda, arbitraje, mediaci\u00f3n, consumo, tributos, seguros, concurso, despido, familia, empresa, herencia, estafa, exportaci\u00f3n,  asesor\u00eda, consultor\u00eda, en Valencia","publisher":{"@id":"https:\/\/abastosabogados.com\/#organization"},"alternateName":"Abastos Abogados","potentialAction":[{"@type":"SearchAction","target":{"@type":"EntryPoint","urlTemplate":"https:\/\/abastosabogados.com\/?s={search_term_string}"},"query-input":"required name=search_term_string"}],"inLanguage":"en-US"},{"@type":"Organization","@id":"https:\/\/abastosabogados.com\/#organization","name":"(Espa\u00f1ol) Abogados en Valencia - Abastos abogados","alternateName":"Abastos Abogados","url":"https:\/\/abastosabogados.com\/","logo":{"@type":"ImageObject","inLanguage":"en-US","@id":"https:\/\/abastosabogados.com\/#\/schema\/logo\/image\/","url":"https:\/\/abastosabogados.com\/wp-content\/uploads\/2021\/10\/logo-bl.png","contentUrl":"https:\/\/abastosabogados.com\/wp-content\/uploads\/2021\/10\/logo-bl.png","width":572,"height":70,"caption":"(Espa\u00f1ol) Abogados en Valencia - Abastos abogados"},"image":{"@id":"https:\/\/abastosabogados.com\/#\/schema\/logo\/image\/"}}]}},"_links":{"self":[{"href":"https:\/\/abastosabogados.com\/en\/wp-json\/wp\/v2\/pages\/2136","targetHints":{"allow":["GET"]}}],"collection":[{"href":"https:\/\/abastosabogados.com\/en\/wp-json\/wp\/v2\/pages"}],"about":[{"href":"https:\/\/abastosabogados.com\/en\/wp-json\/wp\/v2\/types\/page"}],"author":[{"embeddable":true,"href":"https:\/\/abastosabogados.com\/en\/wp-json\/wp\/v2\/users\/1"}],"replies":[{"embeddable":true,"href":"https:\/\/abastosabogados.com\/en\/wp-json\/wp\/v2\/comments?post=2136"}],"version-history":[{"count":4,"href":"https:\/\/abastosabogados.com\/en\/wp-json\/wp\/v2\/pages\/2136\/revisions"}],"predecessor-version":[{"id":2185,"href":"https:\/\/abastosabogados.com\/en\/wp-json\/wp\/v2\/pages\/2136\/revisions\/2185"}],"wp:attachment":[{"href":"https:\/\/abastosabogados.com\/en\/wp-json\/wp\/v2\/media?parent=2136"}],"curies":[{"name":"wp","href":"https:\/\/api.w.org\/{rel}","templated":true}]}}